{"id":315,"date":"2026-04-09T11:16:59","date_gmt":"2026-04-09T09:16:59","guid":{"rendered":"https:\/\/francepilates.com\/?page_id=315"},"modified":"2026-04-29T20:25:12","modified_gmt":"2026-04-29T18:25:12","slug":"contact","status":"publish","type":"page","link":"https:\/\/francepilates.com\/en\/contact\/","title":{"rendered":"Contact"},"content":{"rendered":"\t\t<div data-elementor-type=\"wp-page\" data-elementor-id=\"315\" class=\"elementor elementor-315\" data-elementor-post-type=\"page\">\n\t\t\t\t<div class=\"e-con-top elementor-element elementor-element-d09b060 e-con-full e-flex e-con e-parent\" data-id=\"d09b060\" data-element_type=\"container\" data-e-type=\"container\" data-settings=\"{&quot;background_background&quot;:&quot;classic&quot;}\">\n\t\t<div class=\"elementor-element elementor-element-e1e4138 e-con-full container-margin e-flex e-con e-child\" data-id=\"e1e4138\" data-element_type=\"container\" data-e-type=\"container\">\n\t\t\t\t<div class=\"elementor-element elementor-element-22209a5 elementor-widget elementor-widget-heading\" data-id=\"22209a5\" data-element_type=\"widget\" data-e-type=\"widget\" data-widget_type=\"heading.default\">\n\t\t\t\t\t<h1 class=\"elementor-heading-title elementor-size-default\">Contact<\/h1>\t\t\t\t<\/div>\n\t\t\t\t<div class=\"elementor-element elementor-element-21f1dcc u-last-p-margin elementor-widget__width-initial elementor-widget-mobile__width-inherit elementor-widget elementor-widget-text-editor\" data-id=\"21f1dcc\" data-element_type=\"widget\" data-e-type=\"widget\" data-widget_type=\"text-editor.default\">\n\t\t\t\t\t\t\t\t\tParce que le vrai Pilates m\u00e9rite un accompagnement sur mesure, nous prenons le temps de comprendre votre corps, vos objectifs et votre rythme.\t\t\t\t\t\t\t\t<\/div>\n\t\t\t\t<\/div>\n\t\t\t\t<\/div>\n\t\t<div class=\"e-con-top elementor-element elementor-element-1ecf6f7 e-con-full r-con-cols2 container-margin e-flex e-con e-parent\" data-id=\"1ecf6f7\" data-element_type=\"container\" data-e-type=\"container\">\n\t\t<div class=\"elementor-element elementor-element-e72a1d0 e-con-full e-flex e-con e-child\" data-id=\"e72a1d0\" data-element_type=\"container\" data-e-type=\"container\">\n\t\t\t\t<div class=\"elementor-element elementor-element-3bdee18 e-n-tabs-none elementor-widget elementor-widget-n-tabs\" data-id=\"3bdee18\" data-element_type=\"widget\" data-e-type=\"widget\" data-settings=\"{&quot;tabs_justify_horizontal&quot;:&quot;start&quot;,&quot;horizontal_scroll&quot;:&quot;enable&quot;}\" data-widget_type=\"nested-tabs.default\">\n\t\t\t\t\t\t\t<div class=\"e-n-tabs\" data-widget-number=\"62778904\" aria-label=\"Tabs. Open items with Enter or Space, close with Escape and navigate using the Arrow keys.\">\n\t\t\t<div class=\"e-n-tabs-heading\" role=\"tablist\">\n\t\t\t\t\t<button id=\"e-n-tab-title-627789041\" data-tab-title-id=\"e-n-tab-title-627789041\" class=\"e-n-tab-title\" aria-selected=\"true\" data-tab-index=\"1\" role=\"tab\" tabindex=\"0\" aria-controls=\"e-n-tab-content-627789041\" style=\"--n-tabs-title-order: 1;\">\n\t\t\t\t\t<span class=\"e-n-tab-icon\">\n\t\t\t<svg xmlns=\"http:\/\/www.w3.org\/2000\/svg\" id=\"Outline\" viewBox=\"0 0 24 24\" width=\"512\" height=\"512\"><path d=\"M19,1H5A5.006,5.006,0,0,0,0,6V18a5.006,5.006,0,0,0,5,5H19a5.006,5.006,0,0,0,5-5V6A5.006,5.006,0,0,0,19,1ZM5,3H19a3,3,0,0,1,2.78,1.887l-7.658,7.659a3.007,3.007,0,0,1-4.244,0L2.22,4.887A3,3,0,0,1,5,3ZM19,21H5a3,3,0,0,1-3-3V7.5L8.464,13.96a5.007,5.007,0,0,0,7.072,0L22,7.5V18A3,3,0,0,1,19,21Z\"><\/path><\/svg>\t\t\t<svg xmlns=\"http:\/\/www.w3.org\/2000\/svg\" id=\"Outline\" viewBox=\"0 0 24 24\" width=\"512\" height=\"512\"><path d=\"M19,1H5A5.006,5.006,0,0,0,0,6V18a5.006,5.006,0,0,0,5,5H19a5.006,5.006,0,0,0,5-5V6A5.006,5.006,0,0,0,19,1ZM5,3H19a3,3,0,0,1,2.78,1.887l-7.658,7.659a3.007,3.007,0,0,1-4.244,0L2.22,4.887A3,3,0,0,1,5,3ZM19,21H5a3,3,0,0,1-3-3V7.5L8.464,13.96a5.007,5.007,0,0,0,7.072,0L22,7.5V18A3,3,0,0,1,19,21Z\"><\/path><\/svg>\t\t<\/span>\n\t\t\t\t\t<span class=\"e-n-tab-title-text\">\n\t\t\t\tContact\t\t\t<\/span>\n\t\t<\/button>\n\t\t\t\t<button id=\"e-n-tab-title-627789042\" data-tab-title-id=\"e-n-tab-title-627789042\" class=\"e-n-tab-title\" aria-selected=\"false\" data-tab-index=\"2\" role=\"tab\" tabindex=\"-1\" aria-controls=\"e-n-tab-content-627789042\" style=\"--n-tabs-title-order: 2;\">\n\t\t\t\t\t<span class=\"e-n-tab-icon\">\n\t\t\t<svg xmlns=\"http:\/\/www.w3.org\/2000\/svg\" id=\"Layer_1\" data-name=\"Layer 1\" viewBox=\"0 0 24 24\" width=\"512\" height=\"512\"><path d=\"M12,24c-1.626,0-3.16-.714-4.208-1.959-1.54,.177-3.127-.406-4.277-1.555-1.149-1.15-1.729-2.74-1.59-4.362-1.211-.964-1.925-2.498-1.925-4.124s.714-3.16,1.96-4.208c-.175-1.537,.405-3.127,1.555-4.277,1.15-1.151,2.737-1.73,4.361-1.59,.964-1.21,2.498-1.925,4.124-1.925s3.16,.714,4.208,1.959c1.542-.176,3.127,.406,4.277,1.555,1.149,1.15,1.729,2.74,1.59,4.362,1.211,.964,1.925,2.498,1.925,4.124s-.714,3.16-1.96,4.208c.175,1.537-.405,3.127-1.555,4.277-1.151,1.15-2.741,1.729-4.361,1.59-.964,1.21-2.498,1.925-4.124,1.925Zm-4.127-3.924c.561,0,1.081,.241,1.448,.676,.668,.793,1.644,1.248,2.679,1.248s2.011-.455,2.679-1.248c.403-.479,.99-.721,1.616-.67,1.034,.087,2.044-.28,2.776-1.012,.731-.731,1.1-1.743,1.012-2.776-.054-.624,.19-1.213,.67-1.617,.792-.667,1.247-1.644,1.247-2.678s-.455-2.011-1.247-2.678c-.479-.403-.724-.993-.67-1.617,.088-1.033-.28-2.045-1.012-2.776s-1.748-1.096-2.775-1.012c-.626,.057-1.214-.191-1.617-.669-.668-.793-1.644-1.248-2.679-1.248s-2.011,.455-2.679,1.248c-.404,.479-.993,.719-1.616,.67-1.039-.09-2.044,.28-2.776,1.012-.731,.731-1.1,1.743-1.012,2.776,.054,.624-.19,1.213-.67,1.617-.792,.667-1.247,1.644-1.247,2.678s.455,2.011,1.247,2.678c.479,.403,.724,.993,.67,1.617-.088,1.033,.28,2.045,1.012,2.776,.732,.732,1.753,1.098,2.775,1.012,.057-.005,.113-.007,.169-.007Zm1.127-12.076c-.552,0-1,.448-1,1s.448,1,1,1,1-.448,1-1-.448-1-1-1Zm6,6c-.552,0-1,.448-1,1s.448,1,1,1,1-.448,1-1-.448-1-1-1Zm-4.168,1.555l4-6c.307-.459,.183-1.081-.277-1.387-.461-.308-1.081-.182-1.387,.277l-4,6c-.307,.459-.183,1.081,.277,1.387,.171,.114,.363,.168,.554,.168,.323,0,.641-.156,.833-.445Z\"><\/path><\/svg>\t\t\t<svg xmlns=\"http:\/\/www.w3.org\/2000\/svg\" id=\"Layer_1\" data-name=\"Layer 1\" viewBox=\"0 0 24 24\" width=\"512\" height=\"512\"><path d=\"M12,24c-1.626,0-3.16-.714-4.208-1.959-1.54,.177-3.127-.406-4.277-1.555-1.149-1.15-1.729-2.74-1.59-4.362-1.211-.964-1.925-2.498-1.925-4.124s.714-3.16,1.96-4.208c-.175-1.537,.405-3.127,1.555-4.277,1.15-1.151,2.737-1.73,4.361-1.59,.964-1.21,2.498-1.925,4.124-1.925s3.16,.714,4.208,1.959c1.542-.176,3.127,.406,4.277,1.555,1.149,1.15,1.729,2.74,1.59,4.362,1.211,.964,1.925,2.498,1.925,4.124s-.714,3.16-1.96,4.208c.175,1.537-.405,3.127-1.555,4.277-1.151,1.15-2.741,1.729-4.361,1.59-.964,1.21-2.498,1.925-4.124,1.925Zm-4.127-3.924c.561,0,1.081,.241,1.448,.676,.668,.793,1.644,1.248,2.679,1.248s2.011-.455,2.679-1.248c.403-.479,.99-.721,1.616-.67,1.034,.087,2.044-.28,2.776-1.012,.731-.731,1.1-1.743,1.012-2.776-.054-.624,.19-1.213,.67-1.617,.792-.667,1.247-1.644,1.247-2.678s-.455-2.011-1.247-2.678c-.479-.403-.724-.993-.67-1.617,.088-1.033-.28-2.045-1.012-2.776s-1.748-1.096-2.775-1.012c-.626,.057-1.214-.191-1.617-.669-.668-.793-1.644-1.248-2.679-1.248s-2.011,.455-2.679,1.248c-.404,.479-.993,.719-1.616,.67-1.039-.09-2.044,.28-2.776,1.012-.731,.731-1.1,1.743-1.012,2.776,.054,.624-.19,1.213-.67,1.617-.792,.667-1.247,1.644-1.247,2.678s.455,2.011,1.247,2.678c.479,.403,.724,.993,.67,1.617-.088,1.033,.28,2.045,1.012,2.776,.732,.732,1.753,1.098,2.775,1.012,.057-.005,.113-.007,.169-.007Zm1.127-12.076c-.552,0-1,.448-1,1s.448,1,1,1,1-.448,1-1-.448-1-1-1Zm6,6c-.552,0-1,.448-1,1s.448,1,1,1,1-.448,1-1-.448-1-1-1Zm-4.168,1.555l4-6c.307-.459,.183-1.081-.277-1.387-.461-.308-1.081-.182-1.387,.277l-4,6c-.307,.459-.183,1.081,.277,1.387,.171,.114,.363,.168,.554,.168,.323,0,.641-.156,.833-.445Z\"><\/path><\/svg>\t\t<\/span>\n\t\t\t\t\t<span class=\"e-n-tab-title-text\">\n\t\t\t\tOffre de d\u00e9couverte\t\t\t<\/span>\n\t\t<\/button>\n\t\t\t\t\t<\/div>\n\t\t\t<div class=\"e-n-tabs-content\">\n\t\t\t\t<div id=\"e-n-tab-content-627789041\" role=\"tabpanel\" aria-labelledby=\"e-n-tab-title-627789041\" data-tab-index=\"1\" style=\"--n-tabs-title-order: 1;\" class=\"e-active elementor-element elementor-element-a52b12b e-con-full e-flex e-con e-child\" data-id=\"a52b12b\" data-element_type=\"container\" data-e-type=\"container\" data-settings=\"{&quot;background_background&quot;:&quot;classic&quot;}\">\n\t\t\t\t<div class=\"elementor-element elementor-element-9d858d2 elementor-button-align-stretch elementor-widget elementor-widget-form\" data-id=\"9d858d2\" data-element_type=\"widget\" data-e-type=\"widget\" data-settings=\"{&quot;step_next_label&quot;:&quot;Suivant&quot;,&quot;step_previous_label&quot;:&quot;Pr\\u00e9c\\u00e9dent&quot;,&quot;button_width&quot;:&quot;100&quot;,&quot;step_type&quot;:&quot;number_text&quot;,&quot;step_icon_shape&quot;:&quot;circle&quot;}\" data-widget_type=\"form.default\">\n\t\t\t\t\t\t\t<form class=\"elementor-form\" method=\"post\" name=\"Formulaire Contact\" aria-label=\"Formulaire Contact\">\n\t\t\t<input type=\"hidden\" name=\"post_id\" value=\"315\"\/>\n\t\t\t<input type=\"hidden\" name=\"form_id\" value=\"9d858d2\"\/>\n\t\t\t<input type=\"hidden\" name=\"referer_title\" value=\"Studio 45 &#8211; Studio de Pilates\" \/>\n\n\t\t\t\n\t\t\t<div class=\"elementor-form-fields-wrapper elementor-labels-above\">\n\t\t\t\t\t\t\t\t<div class=\"elementor-field-type-text elementor-field-group elementor-column elementor-field-group-name elementor-col-100\">\n\t\t\t\t\t\t\t\t\t\t\t\t<label for=\"form-field-name\" class=\"elementor-field-label\">\n\t\t\t\t\t\t\t\tNom\t\t\t\t\t\t\t<\/label>\n\t\t\t\t\t\t\t\t\t\t\t\t\t\t<input size=\"1\" type=\"text\" name=\"form_fields[name]\" id=\"form-field-name\" class=\"elementor-field elementor-size-sm  elementor-field-textual\">\n\t\t\t\t\t\t\t\t\t\t\t<\/div>\n\t\t\t\t\t\t\t\t<div class=\"elementor-field-type-text elementor-field-group elementor-column elementor-field-group-name elementor-col-100\">\n\t\t\t\t\t\t\t\t\t\t\t\t<label for=\"form-field-name\" class=\"elementor-field-label\">\n\t\t\t\t\t\t\t\tNom\t\t\t\t\t\t\t<\/label>\n\t\t\t\t\t\t\t\t\t\t\t\t\t\t<input size=\"1\" type=\"text\" name=\"form_fields[name]\" id=\"form-field-name\" class=\"elementor-field elementor-size-sm  elementor-field-textual\">\n\t\t\t\t\t\t\t\t\t\t\t<\/div>\n\t\t\t\t\t\t\t\t<div class=\"elementor-field-type-email elementor-field-group elementor-column elementor-field-group-email elementor-col-100 elementor-field-required\">\n\t\t\t\t\t\t\t\t\t\t\t\t<label for=\"form-field-email\" class=\"elementor-field-label\">\n\t\t\t\t\t\t\t\tE-mail\t\t\t\t\t\t\t<\/label>\n\t\t\t\t\t\t\t\t\t\t\t\t\t\t<input size=\"1\" type=\"email\" name=\"form_fields[email]\" id=\"form-field-email\" class=\"elementor-field elementor-size-sm  elementor-field-textual\" required=\"required\">\n\t\t\t\t\t\t\t\t\t\t\t<\/div>\n\t\t\t\t\t\t\t\t<div class=\"elementor-field-type-textarea elementor-field-group elementor-column elementor-field-group-message elementor-col-100\">\n\t\t\t\t\t\t\t\t\t\t\t\t<label for=\"form-field-message\" class=\"elementor-field-label\">\n\t\t\t\t\t\t\t\tMessage\t\t\t\t\t\t\t<\/label>\n\t\t\t\t\t\t<textarea class=\"elementor-field-textual elementor-field  elementor-size-sm\" name=\"form_fields[message]\" id=\"form-field-message\" rows=\"4\"><\/textarea>\t\t\t\t<\/div>\n\t\t\t\t\t\t\t\t<div class=\"elementor-field-type-checkbox elementor-field-group elementor-column elementor-field-group-field_f4b78c2 elementor-col-100\">\n\t\t\t\t\t<div class=\"elementor-field-subgroup  elementor-subgroup-inline\"><span class=\"elementor-field-option\"><input type=\"checkbox\" value=\"Option 1\" id=\"form-field-field_f4b78c2-0\" name=\"form_fields[field_f4b78c2][]\"> <label for=\"form-field-field_f4b78c2-0\">Option 1<\/label><\/span><span class=\"elementor-field-option\"><input type=\"checkbox\" value=\"Option 2\" id=\"form-field-field_f4b78c2-1\" name=\"form_fields[field_f4b78c2][]\"> <label for=\"form-field-field_f4b78c2-1\">Option 2<\/label><\/span><\/div>\t\t\t\t<\/div>\n\t\t\t\t\t\t\t\t<div class=\"elementor-field-group elementor-column elementor-field-type-submit elementor-col-100 e-form__buttons\">\n\t\t\t\t\t<button class=\"elementor-button elementor-size-sm\" type=\"submit\">\n\t\t\t\t\t\t<span class=\"elementor-button-content-wrapper\">\n\t\t\t\t\t\t\t\t\t\t\t\t\t\t\t\t\t\t\t\t\t\t<span class=\"elementor-button-text\">Envoyer<\/span>\n\t\t\t\t\t\t\t\t\t\t\t\t\t<\/span>\n\t\t\t\t\t<\/button>\n\t\t\t\t<\/div>\n\t\t\t<\/div>\n\t\t<\/form>\n\t\t\t\t\t\t<\/div>\n\t\t\t\t<\/div>\n\t\t<div id=\"e-n-tab-content-627789042\" role=\"tabpanel\" aria-labelledby=\"e-n-tab-title-627789042\" data-tab-index=\"2\" style=\"--n-tabs-title-order: 2;\" class=\" elementor-element elementor-element-9553dea e-flex e-con-boxed e-con e-child\" data-id=\"9553dea\" data-element_type=\"container\" data-e-type=\"container\">\n\t\t\t\t\t<div class=\"e-con-inner\">\n\t\t\t\t\t<\/div>\n\t\t\t\t<\/div>\n\t\t\t\t\t<\/div>\n\t\t<\/div>\n\t\t\t\t\t\t<\/div>\n\t\t\t\t<\/div>\n\t\t<div class=\"elementor-element elementor-element-4f94156 e-con-full e-flex e-con e-child\" data-id=\"4f94156\" data-element_type=\"container\" data-e-type=\"container\" data-settings=\"{&quot;background_background&quot;:&quot;classic&quot;}\">\n\t\t<div class=\"elementor-element elementor-element-15db955 e-con-full e-flex e-con e-child\" data-id=\"15db955\" data-element_type=\"container\" data-e-type=\"container\" data-settings=\"{&quot;background_background&quot;:&quot;classic&quot;}\">\n\t\t\t\t<div class=\"elementor-element elementor-element-aa7d78f elementor-widget elementor-widget-spacer\" data-id=\"aa7d78f\" data-element_type=\"widget\" data-e-type=\"widget\" data-widget_type=\"spacer.default\">\n\t\t\t\t\t\t\t<div class=\"elementor-spacer\">\n\t\t\t<div class=\"elementor-spacer-inner\"><\/div>\n\t\t<\/div>\n\t\t\t\t\t\t<\/div>\n\t\t\t\t<\/div>\n\t\t<div class=\"elementor-element elementor-element-b1bc2f0 e-con-full e-flex e-con e-child\" data-id=\"b1bc2f0\" data-element_type=\"container\" data-e-type=\"container\">\n\t\t\t\t<div class=\"elementor-element elementor-element-0be8557 elementor-position-left elementor-vertical-align-top elementor-widget elementor-widget-image-box\" data-id=\"0be8557\" data-element_type=\"widget\" data-e-type=\"widget\" data-widget_type=\"image-box.default\">\n\t\t\t\t\t<div class=\"elementor-image-box-wrapper\"><figure class=\"elementor-image-box-img\"><a href=\"https:\/\/www.google.com\/maps\/place\/\/data=!4m2!3m1!1s0x12ce8193ac6590db:0x9c070ec1fbae90cb?sa=X&#038;ved=1t:8290&#038;ictx=111\" tabindex=\"-1\"><img decoding=\"async\" width=\"32\" height=\"32\" src=\"https:\/\/francepilates.com\/wp-content\/uploads\/2026\/04\/badgeFlagshipFocus-1.svg\" class=\"attachment-full size-full wp-image-923\" alt=\"\" \/><\/a><\/figure><div class=\"elementor-image-box-content\"><p class=\"elementor-image-box-title\"><a href=\"https:\/\/www.google.com\/maps\/place\/\/data=!4m2!3m1!1s0x12ce8193ac6590db:0x9c070ec1fbae90cb?sa=X&#038;ved=1t:8290&#038;ictx=111\">Uniquement sur rendez-vous<\/a><\/p><p class=\"elementor-image-box-description\">45 Rue d'Antibes, 06400 Cannes<\/p><\/div><\/div>\t\t\t\t<\/div>\n\t\t\t\t<div class=\"elementor-element elementor-element-950a389 elementor-position-left elementor-vertical-align-top elementor-widget elementor-widget-image-box\" data-id=\"950a389\" data-element_type=\"widget\" data-e-type=\"widget\" data-widget_type=\"image-box.default\">\n\t\t\t\t\t<div class=\"elementor-image-box-wrapper\"><figure class=\"elementor-image-box-img\"><a href=\"tel:0608404930\" tabindex=\"-1\"><img fetchpriority=\"high\" decoding=\"async\" width=\"512\" height=\"512\" src=\"https:\/\/francepilates.com\/wp-content\/uploads\/2026\/04\/circle-phone-hangup.svg\" class=\"attachment-full size-full wp-image-927\" alt=\"\" \/><\/a><\/figure><div class=\"elementor-image-box-content\"><p class=\"elementor-image-box-title\"><a href=\"tel:0608404930\">+33 6 08 40 49 30<\/a><\/p><p class=\"elementor-image-box-description\">SMS \/ WhatsApp<\/p><\/div><\/div>\t\t\t\t<\/div>\n\t\t\t\t<\/div>\n\t\t\t\t<\/div>\n\t\t\t\t<\/div>\n\t\t\t\t<\/div>\n\t\t","protected":false},"excerpt":{"rendered":"<p>Contact Parce que le vrai Pilates m\u00e9rite un accompagnement sur mesure, nous prenons le temps de comprendre votre corps, vos objectifs et votre rythme. Contact Offre de d\u00e9couverte Nom Nom E-mail Message Option 1 Option 2 Envoyer Uniquement sur rendez-vous 45 Rue d&rsquo;Antibes, 06400 Cannes +33 6 08 40 49 30 SMS \/ WhatsApp<\/p>","protected":false},"author":1,"featured_media":0,"parent":0,"menu_order":0,"comment_status":"closed","ping_status":"closed","template":"elementor_header_footer","meta":{"_acf_changed":false,"footnotes":""},"class_list":["post-315","page","type-page","status-publish","hentry"],"acf":[],"yoast_head":"<!-- This site is optimized with the Yoast SEO plugin v27.5 - https:\/\/yoast.com\/product\/yoast-seo-wordpress\/ -->\n<title>Contact - Studio 45 Pilates \u00e0 Cannes<\/title>\n<meta name=\"description\" content=\"Contactez Studio 45, studio de Pilates Reformer \u00e0 Cannes. R\u00e9servation de cours priv\u00e9s, duo, trio et collectifs avec Sophie Margolis, professeure certifi\u00e9e.\" \/>\n<meta name=\"robots\" content=\"index, follow, max-snippet:-1, max-image-preview:large, max-video-preview:-1\" \/>\n<link rel=\"canonical\" href=\"https:\/\/francepilates.com\/en\/contact\/\" \/>\n<meta property=\"og:locale\" content=\"en_GB\" \/>\n<meta property=\"og:type\" content=\"article\" \/>\n<meta property=\"og:title\" content=\"Contact - Studio 45 Pilates \u00e0 Cannes\" \/>\n<meta property=\"og:description\" content=\"Contactez Studio 45, studio de Pilates Reformer \u00e0 Cannes. R\u00e9servation de cours priv\u00e9s, duo, trio et collectifs avec Sophie Margolis, professeure certifi\u00e9e.\" \/>\n<meta property=\"og:url\" content=\"https:\/\/francepilates.com\/en\/contact\/\" \/>\n<meta property=\"og:site_name\" content=\"Studio 45 - Studio de Pilates\" \/>\n<meta property=\"article:modified_time\" content=\"2026-04-29T18:25:12+00:00\" \/>\n<meta property=\"og:image\" content=\"https:\/\/45.studiojae.fr\/wp-content\/uploads\/2026\/04\/badgeFlagshipFocus-1.svg\" \/>\n<meta name=\"twitter:card\" content=\"summary_large_image\" \/>\n<meta name=\"twitter:label1\" content=\"Estimated reading time\" \/>\n\t<meta name=\"twitter:data1\" content=\"1 minute\" \/>\n<!-- \/ Yoast SEO plugin. -->","yoast_head_json":{"title":"Contact - Studio 45 Pilates in Cannes","description":"Contact Studio 45, a Reformer Pilates studio in Cannes. Book private, duo, trio, and group classes with Sophie Margolis, a certified instructor.","robots":{"index":"index","follow":"follow","max-snippet":"max-snippet:-1","max-image-preview":"max-image-preview:large","max-video-preview":"max-video-preview:-1"},"canonical":"https:\/\/francepilates.com\/en\/contact\/","og_locale":"en_GB","og_type":"article","og_title":"Contact - Studio 45 Pilates \u00e0 Cannes","og_description":"Contactez Studio 45, studio de Pilates Reformer \u00e0 Cannes. R\u00e9servation de cours priv\u00e9s, duo, trio et collectifs avec Sophie Margolis, professeure certifi\u00e9e.","og_url":"https:\/\/francepilates.com\/en\/contact\/","og_site_name":"Studio 45 - Studio de Pilates","article_modified_time":"2026-04-29T18:25:12+00:00","og_image":[{"url":"https:\/\/45.studiojae.fr\/wp-content\/uploads\/2026\/04\/badgeFlagshipFocus-1.svg","type":"","width":"","height":""}],"twitter_card":"summary_large_image","twitter_misc":{"Estimated reading time":"1 minute"},"schema":{"@context":"https:\/\/schema.org","@graph":[{"@type":"WebPage","@id":"https:\/\/francepilates.com\/contact\/","url":"https:\/\/francepilates.com\/contact\/","name":"Contact - Studio 45 Pilates in Cannes","isPartOf":{"@id":"https:\/\/francepilates.com\/#website"},"primaryImageOfPage":{"@id":"https:\/\/francepilates.com\/contact\/#primaryimage"},"image":{"@id":"https:\/\/francepilates.com\/contact\/#primaryimage"},"thumbnailUrl":"https:\/\/francepilates.com\/wp-content\/uploads\/2026\/04\/badgeFlagshipFocus-1.svg","datePublished":"2026-04-09T09:16:59+00:00","dateModified":"2026-04-29T18:25:12+00:00","description":"Contact Studio 45, a Reformer Pilates studio in Cannes. Book private, duo, trio, and group classes with Sophie Margolis, a certified instructor.","breadcrumb":{"@id":"https:\/\/francepilates.com\/contact\/#breadcrumb"},"inLanguage":"en-GB","potentialAction":[{"@type":"ReadAction","target":["https:\/\/francepilates.com\/contact\/"]}]},{"@type":"ImageObject","inLanguage":"en-GB","@id":"https:\/\/francepilates.com\/contact\/#primaryimage","url":"https:\/\/francepilates.com\/wp-content\/uploads\/2026\/04\/badgeFlagshipFocus-1.svg","contentUrl":"https:\/\/francepilates.com\/wp-content\/uploads\/2026\/04\/badgeFlagshipFocus-1.svg"},{"@type":"BreadcrumbList","@id":"https:\/\/francepilates.com\/contact\/#breadcrumb","itemListElement":[{"@type":"ListItem","position":1,"name":"Accueil","item":"https:\/\/francepilates.com\/"},{"@type":"ListItem","position":2,"name":"Contact"}]},{"@type":"WebSite","@id":"https:\/\/francepilates.com\/#website","url":"https:\/\/francepilates.com\/","name":"Studio 45","description":"Studio 45","potentialAction":[{"@type":"SearchAction","target":{"@type":"EntryPoint","urlTemplate":"https:\/\/francepilates.com\/?s={search_term_string}"},"query-input":{"@type":"PropertyValueSpecification","valueRequired":true,"valueName":"search_term_string"}}],"inLanguage":"en-GB"}]}},"_links":{"self":[{"href":"https:\/\/francepilates.com\/en\/wp-json\/wp\/v2\/pages\/315","targetHints":{"allow":["GET"]}}],"collection":[{"href":"https:\/\/francepilates.com\/en\/wp-json\/wp\/v2\/pages"}],"about":[{"href":"https:\/\/francepilates.com\/en\/wp-json\/wp\/v2\/types\/page"}],"author":[{"embeddable":true,"href":"https:\/\/francepilates.com\/en\/wp-json\/wp\/v2\/users\/1"}],"replies":[{"embeddable":true,"href":"https:\/\/francepilates.com\/en\/wp-json\/wp\/v2\/comments?post=315"}],"version-history":[{"count":92,"href":"https:\/\/francepilates.com\/en\/wp-json\/wp\/v2\/pages\/315\/revisions"}],"predecessor-version":[{"id":1156,"href":"https:\/\/francepilates.com\/en\/wp-json\/wp\/v2\/pages\/315\/revisions\/1156"}],"wp:attachment":[{"href":"https:\/\/francepilates.com\/en\/wp-json\/wp\/v2\/media?parent=315"}],"curies":[{"name":"wp","href":"https:\/\/api.w.org\/{rel}","templated":true}]}}